{"id":6,"date":"2024-01-21T18:12:46","date_gmt":"2024-01-21T18:12:46","guid":{"rendered":"https:\/\/enpawo.com\/?page_id=6"},"modified":"2025-02-04T13:01:16","modified_gmt":"2025-02-04T12:01:16","slug":"home","status":"publish","type":"page","link":"https:\/\/enpawo.com\/","title":{"rendered":"Home"},"content":{"rendered":"\t\t<div data-elementor-type=\"wp-page\" data-elementor-id=\"6\" class=\"elementor elementor-6\" data-elementor-post-type=\"page\">\n\t\t\t\t<div class=\"elementor-element elementor-element-bfc9d8a e-flex e-con-boxed e-con e-parent\" data-id=\"bfc9d8a\" data-element_type=\"container\">\n\t\t\t\t\t<div class=\"e-con-inner\">\n\t\t<div class=\"elementor-element elementor-element-4c177a1 e-con-full e-flex e-con e-child\" data-id=\"4c177a1\" data-element_type=\"container\">\n\t\t\t\t<div class=\"elementor-element elementor-element-8bd051f elementor-widget elementor-widget-heading\" data-id=\"8bd051f\" data-element_type=\"widget\" data-widget_type=\"heading.default\">\n\t\t\t\t<div class=\"elementor-widget-container\">\n\t\t\t\t\t<h1 class=\"elementor-heading-title elementor-size-default\"><p style=\"font-size: 16px;font-weight: 400\"><span style=\"font-weight: 700\">ENPAWO \u2013 Hochwertige Produkte f\u00fcr Ihr Zuhause <\/span><span style=\"color: var(--sydney-headings-color);font-size: 48px;font-weight: 600;text-align: var(--text-align)\"><\/span><\/p><\/h1>\t\t\t\t<\/div>\n\t\t\t\t<\/div>\n\t\t\t\t<div class=\"elementor-element elementor-element-e519bc9 elementor-widget elementor-widget-text-editor\" data-id=\"e519bc9\" data-element_type=\"widget\" data-widget_type=\"text-editor.default\">\n\t\t\t\t<div class=\"elementor-widget-container\">\n\t\t\t\t\t\t\t\t\t<p>Willkommen bei <strong>ENPAWO<\/strong>, Ihrem zuverl\u00e4ssigen Partner f\u00fcr vielseitige und hochwertige Produkte, die Ihren Alltag bereichern. Ob Beauty, Tierwelt, Haushalt oder Unterhaltungselektronik \u2013 wir bieten Ihnen eine handverlesene Auswahl an Top-Markenartikeln und Ersatzteilen zu attraktiven Preisen.<\/p><p>Doch <strong>ENPAWO<\/strong> steht f\u00fcr mehr als nur Online-Shopping. Unter unserem eigenen Label entwickeln wir individuell gestaltete T-Shirts, B\u00fccher und andere Print-on-Demand-Produkte (POD). Zus\u00e4tzlich teilen wir \u00fcber unsere Social-Media-Kan\u00e4le und Blogartikel wertvolle Insider-Tipps, Trends und Empfehlungen, die Ihnen echte Mehrwerte bieten.<\/p><p>Entdecken Sie unser vielseitiges Sortiment bequem in unserem <a href=\"https:\/\/shop.enpawo.com\/\">Online-Store<\/a> oder auf Plattformen. Finden Sie Produkte, die zu Ihrem Leben passen, und shoppen Sie mit dem guten Gef\u00fchl, bei einem Anbieter einzukaufen, dem Ihre Zufriedenheit am Herzen liegt.<\/p><p><strong>Ihr ENPAWO-Team \u2013 Qualit\u00e4t, Vertrauen, Inspiration.<\/strong><\/p><div>\u00a0<\/div>\t\t\t\t\t\t\t\t<\/div>\n\t\t\t\t<\/div>\n\t\t\t\t<\/div>\n\t\t<div class=\"elementor-element elementor-element-1ca25bd e-con-full e-flex e-con e-child\" data-id=\"1ca25bd\" data-element_type=\"container\">\n\t\t\t\t<div class=\"elementor-element elementor-element-bf1b23d elementor-widget elementor-widget-image\" data-id=\"bf1b23d\" data-element_type=\"widget\" data-widget_type=\"image.default\">\n\t\t\t\t<div class=\"elementor-widget-container\">\n\t\t\t\t\t\t\t\t\t\t\t\t\t\t\t<img fetchpriority=\"high\" decoding=\"async\" width=\"768\" height=\"512\" src=\"https:\/\/enpawo.com\/wp-content\/uploads\/2024\/01\/pexels-ivan-samkov-8117814-768x512.jpg\" class=\"attachment-medium_large size-medium_large wp-image-43\" alt=\"\" srcset=\"https:\/\/enpawo.com\/wp-content\/uploads\/2024\/01\/pexels-ivan-samkov-8117814-768x512.jpg 768w, https:\/\/enpawo.com\/wp-content\/uploads\/2024\/01\/pexels-ivan-samkov-8117814-300x200.jpg 300w, https:\/\/enpawo.com\/wp-content\/uploads\/2024\/01\/pexels-ivan-samkov-8117814-1024x683.jpg 1024w, https:\/\/enpawo.com\/wp-content\/uploads\/2024\/01\/pexels-ivan-samkov-8117814-1000x667.jpg 1000w, https:\/\/enpawo.com\/wp-content\/uploads\/2024\/01\/pexels-ivan-samkov-8117814-230x153.jpg 230w, https:\/\/enpawo.com\/wp-content\/uploads\/2024\/01\/pexels-ivan-samkov-8117814-350x234.jpg 350w, https:\/\/enpawo.com\/wp-content\/uploads\/2024\/01\/pexels-ivan-samkov-8117814-480x320.jpg 480w, https:\/\/enpawo.com\/wp-content\/uploads\/2024\/01\/pexels-ivan-samkov-8117814.jpg 1280w\" sizes=\"(max-width: 768px) 100vw, 768px\" \/>\t\t\t\t\t\t\t\t\t\t\t\t\t\t\t<\/div>\n\t\t\t\t<\/div>\n\t\t\t\t<\/div>\n\t\t\t\t\t<\/div>\n\t\t\t\t<\/div>\n\t\t\t\t<\/div>\n\t\t","protected":false},"excerpt":{"rendered":"<p>ENPAWO \u2013 Hochwertige Produkte f\u00fcr Ihr Zuhause Willkommen bei ENPAWO, Ihrem zuverl\u00e4ssigen Partner f\u00fcr vielseitige und hochwertige Produkte, die Ihren Alltag bereichern. [&hellip;]<\/p>\n","protected":false},"author":1,"featured_media":0,"parent":0,"menu_order":0,"comment_status":"closed","ping_status":"closed","template":"elementor_header_footer","meta":{"footnotes":""},"class_list":["post-6","page","type-page","status-publish","hentry"],"_links":{"self":[{"href":"https:\/\/enpawo.com\/index.php\/wp-json\/wp\/v2\/pages\/6","targetHints":{"allow":["GET"]}}],"collection":[{"href":"https:\/\/enpawo.com\/index.php\/wp-json\/wp\/v2\/pages"}],"about":[{"href":"https:\/\/enpawo.com\/index.php\/wp-json\/wp\/v2\/types\/page"}],"author":[{"embeddable":true,"href":"https:\/\/enpawo.com\/index.php\/wp-json\/wp\/v2\/users\/1"}],"replies":[{"embeddable":true,"href":"https:\/\/enpawo.com\/index.php\/wp-json\/wp\/v2\/comments?post=6"}],"version-history":[{"count":55,"href":"https:\/\/enpawo.com\/index.php\/wp-json\/wp\/v2\/pages\/6\/revisions"}],"predecessor-version":[{"id":152,"href":"https:\/\/enpawo.com\/index.php\/wp-json\/wp\/v2\/pages\/6\/revisions\/152"}],"wp:attachment":[{"href":"https:\/\/enpawo.com\/index.php\/wp-json\/wp\/v2\/media?parent=6"}],"curies":[{"name":"wp","href":"https:\/\/api.w.org\/{rel}","templated":true}]}}